{"id":29,"date":"2026-04-25T17:18:15","date_gmt":"2026-04-25T17:18:15","guid":{"rendered":"https:\/\/osterasencamping.se\/tjanster\/"},"modified":"2026-04-28T12:14:21","modified_gmt":"2026-04-28T12:14:21","slug":"tjanster","status":"publish","type":"page","link":"https:\/\/osterasencamping.se\/en\/tjanster\/","title":{"rendered":"Camping"},"content":{"rendered":"<div class=\"wp-block-group alignfull is-style-ext-preset--group--natural-1--section has-background-background-color has-background has-global-padding is-layout-constrained wp-container-core-group-is-layout-e955bbaf wp-block-group-is-layout-constrained is-style-ext-preset--group--natural-1--section--1\" id=\"tjanster\" style=\"margin-top:0;margin-bottom:0;padding-top:var(--wp--preset--spacing--70);padding-bottom:var(--wp--preset--spacing--70)\">\n<div class=\"wp-block-buttons ext-animate--on is-layout-flex wp-block-buttons-is-layout-flex\">\n<div class=\"wp-block-button\"><a class=\"wp-block-button__link wp-element-button\" href=\"https:\/\/boka.campingonline.se\/osterasen\">Book here<\/a><\/div>\n<\/div>\n\n\n\n<div class=\"wp-block-columns alignwide is-layout-flex wp-container-core-columns-is-layout-08c01c1c wp-block-columns-is-layout-flex\">\n<div class=\"wp-block-column is-vertically-aligned-stretch ext-animate--on is-layout-flow wp-container-core-column-is-layout-119bc444 wp-block-column-is-layout-flow\">\n<div class=\"wp-block-media-text is-stacked-on-mobile is-image-fill-element is-style-ext-preset--media-text--natural-1--card-1 has-tertiary-background-color has-background is-style-ext-preset--media-text--natural-1--card-1--2\"><figure class=\"wp-block-media-text__media\"><img loading=\"lazy\" decoding=\"async\" width=\"1024\" height=\"768\" src=\"https:\/\/osterasencamping.se\/wp-content\/uploads\/2026\/04\/1000001355-1024x768.jpg\" alt=\"\" class=\"wp-image-72 size-full\" style=\"object-position:50% 50%\" srcset=\"https:\/\/osterasencamping.se\/wp-content\/uploads\/2026\/04\/1000001355-1024x768.jpg 1024w, https:\/\/osterasencamping.se\/wp-content\/uploads\/2026\/04\/1000001355-300x225.jpg 300w, https:\/\/osterasencamping.se\/wp-content\/uploads\/2026\/04\/1000001355-768x576.jpg 768w, https:\/\/osterasencamping.se\/wp-content\/uploads\/2026\/04\/1000001355-1536x1152.jpg 1536w, https:\/\/osterasencamping.se\/wp-content\/uploads\/2026\/04\/1000001355-2048x1536.jpg 2048w, https:\/\/osterasencamping.se\/wp-content\/uploads\/2026\/04\/1000001355-16x12.jpg 16w\" sizes=\"auto, (max-width: 1024px) 100vw, 1024px\" \/><\/figure><div class=\"wp-block-media-text__content\">\n<div class=\"wp-block-group is-style-default has-global-padding is-layout-constrained wp-container-core-group-is-layout-9a7b35d3 wp-block-group-is-layout-constrained\" style=\"padding-top:var(--wp--preset--spacing--40);padding-right:var(--wp--preset--spacing--30);padding-bottom:var(--wp--preset--spacing--40);padding-left:var(--wp--preset--spacing--30)\">\n<h3 class=\"wp-block-heading\" style=\"font-size:clamp(15.747px, 0.984rem + ((1vw - 3.2px) * 0.86), 24px);\">Cabins<\/h3>\n\n\n\n<p class=\"has-small-font-size\">We have 6 4-bed cabins with bunk beds. They are equipped with duvets and pillows, a hotplate, a fridge <\/p>\n<\/div>\n<\/div><\/div>\n<\/div>\n\n\n\n<div class=\"wp-block-column is-vertically-aligned-stretch ext-animate--on is-layout-flow wp-container-core-column-is-layout-119bc444 wp-block-column-is-layout-flow\">\n<div class=\"wp-block-media-text is-stacked-on-mobile is-image-fill-element is-style-ext-preset--media-text--natural-1--card-1 has-tertiary-background-color has-background is-style-ext-preset--media-text--natural-1--card-1--3\"><figure class=\"wp-block-media-text__media\"><img loading=\"lazy\" decoding=\"async\" width=\"2048\" height=\"1536\" src=\"https:\/\/osterasencamping.se\/wp-content\/uploads\/2026\/04\/1000001332.jpg\" alt=\"\" class=\"wp-image-77 size-full\" style=\"object-position:50% 50%\"\/><\/figure><div class=\"wp-block-media-text__content\">\n<div class=\"wp-block-group is-style-default has-global-padding is-layout-constrained wp-container-core-group-is-layout-9a7b35d3 wp-block-group-is-layout-constrained\" style=\"padding-top:var(--wp--preset--spacing--40);padding-right:var(--wp--preset--spacing--30);padding-bottom:var(--wp--preset--spacing--40);padding-left:var(--wp--preset--spacing--30)\">\n<h3 class=\"wp-block-heading\" style=\"font-size:clamp(15.747px, 0.984rem + ((1vw - 3.2px) * 0.86), 24px);\">Motorhome, caravan and tent pitches<\/h3>\n\n\n\n<p class=\"has-small-font-size\">We have 22 motorhome\/caravan\/tent pitches with electricity (10A) and 7 without electricity.<\/p>\n<\/div>\n<\/div><\/div>\n<\/div>\n<\/div>\n\n\n\n<div class=\"wp-block-columns alignwide is-layout-flex wp-container-core-columns-is-layout-967d05ff wp-block-columns-is-layout-flex\" style=\"margin-top:var(--wp--preset--spacing--40)\">\n<div class=\"wp-block-column is-vertically-aligned-stretch ext-animate--on is-layout-flow wp-container-core-column-is-layout-119bc444 wp-block-column-is-layout-flow\"><\/div>\n\n\n\n<div class=\"wp-block-column is-vertically-aligned-stretch ext-animate--on is-layout-flow wp-container-core-column-is-layout-119bc444 wp-block-column-is-layout-flow\"><\/div>\n<\/div>\n<\/div>\n\n\n\n<figure class=\"wp-block-image alignwide size-full ext-animate--on\"><img loading=\"lazy\" decoding=\"async\" width=\"938\" height=\"590\" src=\"https:\/\/osterasencamping.se\/wp-content\/uploads\/2026\/04\/omrdaeskarta_forslag-5.png\" alt=\"\" class=\"wp-image-112\" srcset=\"https:\/\/osterasencamping.se\/wp-content\/uploads\/2026\/04\/omrdaeskarta_forslag-5.png 938w, https:\/\/osterasencamping.se\/wp-content\/uploads\/2026\/04\/omrdaeskarta_forslag-5-300x189.png 300w, https:\/\/osterasencamping.se\/wp-content\/uploads\/2026\/04\/omrdaeskarta_forslag-5-768x483.png 768w, https:\/\/osterasencamping.se\/wp-content\/uploads\/2026\/04\/omrdaeskarta_forslag-5-18x12.png 18w\" sizes=\"auto, (max-width: 938px) 100vw, 938px\" \/><\/figure>\n\n\n\n<div class=\"wp-block-group alignwide ext-is-logical-start ext-animate--on has-global-padding is-content-justification-left is-layout-constrained wp-container-core-group-is-layout-20186816 wp-block-group-is-layout-constrained\">\n<p class=\"ext-animate--on\"><\/p>\n<\/div>","protected":false},"excerpt":{"rendered":"<p>Stugor Vi har 6 st 4-b\u00e4ddsstugor med v\u00e5ningss\u00e4ngar. De \u00e4r utrustade med t\u00e4cken och kuddar, kokplatta, kylsk\u00e5p och kokutrustning. Husbil, husvagn och t\u00e4ltplatser Vi har 29 platser, varav 22 med el och 7 utan el.<\/p>","protected":false},"author":1,"featured_media":0,"parent":0,"menu_order":0,"comment_status":"closed","ping_status":"closed","template":"page-with-title","meta":{"footnotes":""},"class_list":["post-29","page","type-page","status-publish","hentry"],"_links":{"self":[{"href":"https:\/\/osterasencamping.se\/en\/wp-json\/wp\/v2\/pages\/29","targetHints":{"allow":["GET"]}}],"collection":[{"href":"https:\/\/osterasencamping.se\/en\/wp-json\/wp\/v2\/pages"}],"about":[{"href":"https:\/\/osterasencamping.se\/en\/wp-json\/wp\/v2\/types\/page"}],"author":[{"embeddable":true,"href":"https:\/\/osterasencamping.se\/en\/wp-json\/wp\/v2\/users\/1"}],"replies":[{"embeddable":true,"href":"https:\/\/osterasencamping.se\/en\/wp-json\/wp\/v2\/comments?post=29"}],"version-history":[{"count":10,"href":"https:\/\/osterasencamping.se\/en\/wp-json\/wp\/v2\/pages\/29\/revisions"}],"predecessor-version":[{"id":116,"href":"https:\/\/osterasencamping.se\/en\/wp-json\/wp\/v2\/pages\/29\/revisions\/116"}],"wp:attachment":[{"href":"https:\/\/osterasencamping.se\/en\/wp-json\/wp\/v2\/media?parent=29"}],"curies":[{"name":"wp","href":"https:\/\/api.w.org\/{rel}","templated":true}]}}