{"id":28,"date":"2026-04-25T17:18:15","date_gmt":"2026-04-25T17:18:15","guid":{"rendered":"https:\/\/osterasencamping.se\/priser\/"},"modified":"2026-04-25T21:14:19","modified_gmt":"2026-04-25T21:14:19","slug":"priser","status":"publish","type":"page","link":"https:\/\/osterasencamping.se\/en\/priser\/","title":{"rendered":"Good to know"},"content":{"rendered":"<div class=\"wp-block-group alignfull is-style-ext-preset--group--natural-1--section has-tertiary-background-color has-background has-global-padding is-layout-constrained wp-block-group-is-layout-constrained is-style-ext-preset--group--natural-1--section--1\" style=\"margin-top:0;margin-bottom:0;padding-top:var(--wp--preset--spacing--70);padding-bottom:var(--wp--preset--spacing--70)\">\n<p class=\"translation-block\"><strong>Fire extinguishers<\/strong><br>Fire extinguishers are available at the entrance to the campsites, at the reception and service house and at cottage no. 4.<\/p>\n<p><strong>Latrine and greywater<\/strong><br \/>The campsite has separate latrine emptying and a special place for emptying \"grey water\".<\/p>\n<p><strong>Service house<\/strong><br \/>Service house\nThe service house has showers and toilets, a service kitchen and a laundry room with a washing machine and dryer.<\/p>\n<p><strong>Reception<\/strong><br \/>I receptionen kan du k\u00f6pa glass, dricka och godis samt enklare fika under \u00f6ppettiderna. H\u00e4r finns \u00e4ven tappst\u00e4lle f\u00f6r dricksvatten.<\/p>\n<p><strong>Internet<\/strong><br \/>Free WiFi, \"\u00d6ster\u00e5sen Bad &amp; Camping\" is available. No password required.<\/p>\n<p><strong>Supermarket\/ATM<\/strong><br \/>ICA supermarket (ICA N\u00e4ra) and ATM are located in H\u00e4ggen\u00e5s, 4 km south along the E45.<\/p>\n<p><strong>Buss connections<\/strong><br \/>At the entrance from E45 (400m) there are bus stops with several daily departures to\/from \u00d6stersund.<\/p>\n<p><b>Check-in and check-out rules<br \/><\/b>Camping site: check-in at 3:00 p.m. Check-out at 12:00 p.m. After 12:00 p.m. a new daily fee will be charged.<\/p>\n<p>Cabin: check-in at 3:00 p.m. Check-out at 12:00 p.m.\u00a0<\/p>\n<p><b>Smoking<br \/><\/b>All smoking in our cabins, sanitary buildings and public areas is prohibited.<\/p>\n<p><b>Washing machine and dryer<br \/><\/b>Washing machine can be booked in 2,5-hour sessions for 75 SEK. Tumble dryer included.<\/p>\n<p><b>Rules of procedure<br \/><\/b>Silence after 11:00 PM. Mismanagement will be punished.<\/p>\n<p><b>Dogs<br \/><\/b>Dogs must be kept on a leash in the camping area. No dogs in the swimming pool, but they are allowed to take a dip in the river.<\/p>\n<p><b>Grilling<br \/><\/b>Grilling may only be done in a real grill, not directly on the ground, or at our grill area.\u00a0<\/p>\n<p><b>Distance<br \/><\/b>Keep in mind the firing distance of 4m between vehicles in all directions.<\/p>\n\n\n\n<figure class=\"wp-block-image size-full ext-animate--on\"><img loading=\"lazy\" decoding=\"async\" width=\"428\" height=\"265\" src=\"https:\/\/osterasencamping.se\/wp-content\/uploads\/2026\/04\/Bild3.png\" alt=\"\" class=\"wp-image-100\" srcset=\"https:\/\/osterasencamping.se\/wp-content\/uploads\/2026\/04\/Bild3.png 428w, https:\/\/osterasencamping.se\/wp-content\/uploads\/2026\/04\/Bild3-300x186.png 300w, https:\/\/osterasencamping.se\/wp-content\/uploads\/2026\/04\/Bild3-18x12.png 18w\" sizes=\"auto, (max-width: 428px) 100vw, 428px\" \/><\/figure>\n<\/div>","protected":false},"excerpt":{"rendered":"<p>Brandsl\u00e4ckareFinns vid infarten till campingplatserna, vid receptionen, servicehuset samt vid stuga nr 4. Latrin och gr\u00e5vattenCampingen har separat latrint\u00f6mning och en speciell plats f\u00f6r att t\u00f6mma \u201dgr\u00e5vatten\u201d. ServicehusI servicehuset finns duschar och toaletter, servicek\u00f6k samt tv\u00e4ttstuga med tv\u00e4ttmaskin och torktumlare. ReceptionI receptionen kan du k\u00f6pa glass, dricka och godis samt enklare fika under \u00f6ppettiderna. H\u00e4r [&hellip;]<\/p>\n","protected":false},"author":1,"featured_media":0,"parent":0,"menu_order":0,"comment_status":"closed","ping_status":"closed","template":"page-with-title","meta":{"footnotes":""},"class_list":["post-28","page","type-page","status-publish","hentry"],"_links":{"self":[{"href":"https:\/\/osterasencamping.se\/en\/wp-json\/wp\/v2\/pages\/28","targetHints":{"allow":["GET"]}}],"collection":[{"href":"https:\/\/osterasencamping.se\/en\/wp-json\/wp\/v2\/pages"}],"about":[{"href":"https:\/\/osterasencamping.se\/en\/wp-json\/wp\/v2\/types\/page"}],"author":[{"embeddable":true,"href":"https:\/\/osterasencamping.se\/en\/wp-json\/wp\/v2\/users\/1"}],"replies":[{"embeddable":true,"href":"https:\/\/osterasencamping.se\/en\/wp-json\/wp\/v2\/comments?post=28"}],"version-history":[{"count":5,"href":"https:\/\/osterasencamping.se\/en\/wp-json\/wp\/v2\/pages\/28\/revisions"}],"predecessor-version":[{"id":101,"href":"https:\/\/osterasencamping.se\/en\/wp-json\/wp\/v2\/pages\/28\/revisions\/101"}],"wp:attachment":[{"href":"https:\/\/osterasencamping.se\/en\/wp-json\/wp\/v2\/media?parent=28"}],"curies":[{"name":"wp","href":"https:\/\/api.w.org\/{rel}","templated":true}]}}