{"id":26,"date":"2026-04-25T17:18:14","date_gmt":"2026-04-25T17:18:14","guid":{"rendered":"https:\/\/osterasencamping.se\/bokning\/"},"modified":"2026-04-25T20:15:00","modified_gmt":"2026-04-25T20:15:00","slug":"bokning","status":"publish","type":"page","link":"https:\/\/osterasencamping.se\/en\/bokning\/","title":{"rendered":"Activities"},"content":{"rendered":"<div class=\"wp-block-group alignfull is-style-ext-preset--group--natural-1--section ext-animate--on has-background-background-color has-background has-global-padding is-layout-constrained wp-container-core-group-is-layout-ab56ae29 wp-block-group-is-layout-constrained is-style-ext-preset--group--natural-1--section--1\" id=\"boka-nu\" style=\"margin-top:0;margin-bottom:0;padding-top:var(--wp--preset--spacing--70);padding-bottom:var(--wp--preset--spacing--70)\">\n<h2 class=\"wp-block-heading has-text-align-center ext-animate--on\">We have nice cycling and walking paths. There is a sauna for rent.<\/h2>\n\n\n\n<div class=\"wp-block-media-text alignfull is-stacked-on-mobile is-vertically-aligned-bottom ext-animate--on\" style=\"grid-template-columns:30% auto\"><figure class=\"wp-block-media-text__media\"><img loading=\"lazy\" decoding=\"async\" width=\"224\" height=\"187\" src=\"https:\/\/osterasencamping.se\/wp-content\/uploads\/2026\/04\/Bild1.png\" alt=\"\" class=\"wp-image-83 size-full\" srcset=\"https:\/\/osterasencamping.se\/wp-content\/uploads\/2026\/04\/Bild1.png 224w, https:\/\/osterasencamping.se\/wp-content\/uploads\/2026\/04\/Bild1-14x12.png 14w\" sizes=\"auto, (max-width: 224px) 100vw, 224px\" \/><\/figure><div class=\"wp-block-media-text__content\">\n<p>We offer a cycling experience beyond the ordinary! Our well-marked trails, a total of 30 km, wind through dense forest, pastureland, meadows and marshes along fine gravel and moorland roads with a perfect mix of excitement and relaxation. Whether you are an experienced mountain biker or want to enjoy a quiet ride with the family, there are trails here to suit all levels. If you are lucky, you may see moose, deer and roe deer. After a wonderful day on the bike, you can relax at our swimming area, or why not stay overnight at our campsite and make a weekend of it? <\/p>\n<\/div><\/div>\n\n\n\n<div class=\"wp-block-media-text alignfull is-stacked-on-mobile ext-animate--on\" style=\"grid-template-columns:30% auto\"><figure class=\"wp-block-media-text__media\"><img loading=\"lazy\" decoding=\"async\" width=\"709\" height=\"497\" src=\"https:\/\/osterasencamping.se\/wp-content\/uploads\/2026\/04\/Bild2.png\" alt=\"\" class=\"wp-image-84 size-full\"\/><\/figure><div class=\"wp-block-media-text__content\">\n<p class=\"ext-animate--on\">At our campsite you can enjoy a relaxing sauna in our log sauna, surrounded by the tranquillity of nature. Feel the warmth of the wood-burning stove, let the steam embrace you and then cool off with a dip in the river in the fresh air. A perfect place to relax after a day outdoors!<\/p>\n<\/div><\/div>\n<\/div>","protected":false},"excerpt":{"rendered":"<p>Vi har fina cykel och promenadv\u00e4gar. Det finns bastu att hyra. Vi erbjuder en cykelupplevelse ut\u00f6ver det vanliga! V\u00e5ra v\u00e4lmarkerade leder, totalt 25 km, slingrar sig genom t\u00e4t skog, f\u00e4bodlandskap, \u00e4ngar och myrar l\u00e4ngs fina grus-och k\u00e4rrv\u00e4gar med en perfekt mix av sp\u00e4nning och avkoppling. Oavsett om du \u00e4r en erfaren mountainbikecyklist eller vill njuta [&hellip;]<\/p>\n","protected":false},"author":1,"featured_media":0,"parent":0,"menu_order":0,"comment_status":"closed","ping_status":"closed","template":"page-with-title","meta":{"footnotes":""},"class_list":["post-26","page","type-page","status-publish","hentry"],"_links":{"self":[{"href":"https:\/\/osterasencamping.se\/en\/wp-json\/wp\/v2\/pages\/26","targetHints":{"allow":["GET"]}}],"collection":[{"href":"https:\/\/osterasencamping.se\/en\/wp-json\/wp\/v2\/pages"}],"about":[{"href":"https:\/\/osterasencamping.se\/en\/wp-json\/wp\/v2\/types\/page"}],"author":[{"embeddable":true,"href":"https:\/\/osterasencamping.se\/en\/wp-json\/wp\/v2\/users\/1"}],"replies":[{"embeddable":true,"href":"https:\/\/osterasencamping.se\/en\/wp-json\/wp\/v2\/comments?post=26"}],"version-history":[{"count":7,"href":"https:\/\/osterasencamping.se\/en\/wp-json\/wp\/v2\/pages\/26\/revisions"}],"predecessor-version":[{"id":92,"href":"https:\/\/osterasencamping.se\/en\/wp-json\/wp\/v2\/pages\/26\/revisions\/92"}],"wp:attachment":[{"href":"https:\/\/osterasencamping.se\/en\/wp-json\/wp\/v2\/media?parent=26"}],"curies":[{"name":"wp","href":"https:\/\/api.w.org\/{rel}","templated":true}]}}