{"id":24,"date":"2026-04-25T17:18:14","date_gmt":"2026-04-25T17:18:14","guid":{"rendered":"https:\/\/osterasencamping.se\/startsida\/"},"modified":"2026-04-26T06:39:52","modified_gmt":"2026-04-26T06:39:52","slug":"startsida","status":"publish","type":"page","link":"https:\/\/osterasencamping.se\/en\/","title":{"rendered":"Startsida"},"content":{"rendered":"<div class=\"wp-block-group alignfull ext-hero-section is-style-ext-preset--group--natural-1--section has-background-background-color has-background has-global-padding is-layout-constrained wp-block-group-is-layout-constrained is-style-ext-preset--group--natural-1--section--1\" style=\"margin-top:0;margin-bottom:0;padding-top:var(--wp--preset--spacing--50);padding-bottom:var(--wp--preset--spacing--70)\">\n<div class=\"wp-block-columns alignwide is-layout-flex wp-container-core-columns-is-layout-08c01c1c wp-block-columns-is-layout-flex\">\n<div class=\"wp-block-column is-vertically-aligned-stretch ext-animate--on is-layout-flow wp-block-column-is-layout-flow\">\n<div class=\"wp-block-group alignwide is-style-ext-preset--group--natural-1--item-card-1--align-start has-tertiary-background-color has-background is-nowrap is-layout-flex wp-container-core-group-is-layout-bcde1d39 wp-block-group-is-layout-flex is-style-ext-preset--group--natural-1--item-card-1--align-start--2\" style=\"min-height:100%;padding-top:0;padding-right:0;padding-bottom:0;padding-left:0\">\n<div class=\"wp-block-group alignwide is-vertical is-layout-flex wp-container-core-group-is-layout-fa0d61a1 wp-block-group-is-layout-flex\" style=\"padding-top:var(--wp--preset--spacing--50);padding-right:var(--wp--preset--spacing--50);padding-bottom:var(--wp--preset--spacing--50);padding-left:var(--wp--preset--spacing--50)\">\n<div class=\"wp-block-group has-global-padding is-layout-constrained wp-container-core-group-is-layout-812d5580 wp-block-group-is-layout-constrained\" style=\"padding-top:0;padding-right:0;padding-bottom:0;padding-left:0\">\n<h1 class=\"wp-block-heading has-xx-large-font-size\">Welcome to \n\u00d6ster\u00e5sens Bad &amp; Camping<\/h1>\n\n\n\n<p style=\"font-size:clamp(14px, 0.875rem + ((1vw - 3.2px) * 0.417), 18px);\">Welcome to our cozy swimming and camping site, an idyllic gem where you can enjoy the peace and freedom under the open sky. We offer spacious camping sites for tents, caravans and motorhomes \u2013 all surrounded by large grassy areas. There are cabins, service houses, saunas, barbecue areas and swimming with diving towers. You can cycle, hike, canoe, fish or admire the view of the J\u00e4mtland mountains from the top of the village.<\/p>\n<\/div>\n\n\n\n<div class=\"wp-block-buttons is-layout-flex wp-block-buttons-is-layout-flex\"><\/div>\n\n\n\n<div class=\"wp-block-buttons ext-animate--on is-layout-flex wp-block-buttons-is-layout-flex\">\n<div class=\"wp-block-button\"><a class=\"wp-block-button__link wp-element-button\" href=\"https:\/\/boka.campingonline.se\/osterasen\">Book here<\/a><\/div>\n<\/div>\n<\/div>\n<\/div>\n<\/div>\n\n\n\n<div class=\"wp-block-column is-vertically-aligned-stretch ext-animate--on is-layout-flow wp-block-column-is-layout-flow\">\n<div class=\"wp-block-cover is-style-ext-preset--image--natural-1--image-1--content-right is-style-ext-preset--image--natural-1--image-1--content-right--3\" style=\"min-height:480px;aspect-ratio:unset;\"><img loading=\"lazy\" decoding=\"async\" width=\"500\" height=\"333\" class=\"wp-block-cover__image-background wp-image-61 size-full\" alt=\"\" src=\"https:\/\/osterasencamping.se\/wp-content\/uploads\/2026\/04\/camping-editerad.jpg\" data-object-fit=\"cover\"\/><span aria-hidden=\"true\" class=\"wp-block-cover__background has-background-dim-0 has-background-dim\" style=\"background-color:#737e7e\"><\/span><div class=\"wp-block-cover__inner-container is-layout-flow wp-block-cover-is-layout-flow\">\n<div style=\"height:320px\" aria-hidden=\"true\" class=\"wp-block-spacer\"><\/div>\n\n\n\n<div class=\"wp-block-buttons ext-animate--on is-layout-flex wp-block-buttons-is-layout-flex\">\n<div class=\"wp-block-button\"><a class=\"wp-block-button__link wp-element-button\" href=\"https:\/\/boka.campingonline.se\/osterasen\">Book here<\/a><\/div>\n<\/div>\n<\/div><\/div>\n<\/div>\n<\/div>\n<\/div>","protected":false},"excerpt":{"rendered":"<p>V\u00e4lkommen till \u00d6ster\u00e5sens Bad &amp; Camping V\u00e4lkommen till v\u00e5r mysiga bad- och campingplats, en idyllisk p\u00e4rla d\u00e4r du kan njuta av lugnet och friheten under bar himmel. Vi erbjuder rymliga campingplatser f\u00f6r t\u00e4lt, husvagn och husbil \u2013 alla omgivna av stora gr\u00e4sytor. H\u00e4r finns stugor, servicehus, bastu, grillplatser och bad med hopptorn. Du kan cykla, [&hellip;]<\/p>\n","protected":false},"author":1,"featured_media":0,"parent":0,"menu_order":0,"comment_status":"closed","ping_status":"closed","template":"no-title","meta":{"footnotes":""},"class_list":["post-24","page","type-page","status-publish","hentry"],"_links":{"self":[{"href":"https:\/\/osterasencamping.se\/en\/wp-json\/wp\/v2\/pages\/24","targetHints":{"allow":["GET"]}}],"collection":[{"href":"https:\/\/osterasencamping.se\/en\/wp-json\/wp\/v2\/pages"}],"about":[{"href":"https:\/\/osterasencamping.se\/en\/wp-json\/wp\/v2\/types\/page"}],"author":[{"embeddable":true,"href":"https:\/\/osterasencamping.se\/en\/wp-json\/wp\/v2\/users\/1"}],"replies":[{"embeddable":true,"href":"https:\/\/osterasencamping.se\/en\/wp-json\/wp\/v2\/comments?post=24"}],"version-history":[{"count":8,"href":"https:\/\/osterasencamping.se\/en\/wp-json\/wp\/v2\/pages\/24\/revisions"}],"predecessor-version":[{"id":106,"href":"https:\/\/osterasencamping.se\/en\/wp-json\/wp\/v2\/pages\/24\/revisions\/106"}],"wp:attachment":[{"href":"https:\/\/osterasencamping.se\/en\/wp-json\/wp\/v2\/media?parent=24"}],"curies":[{"name":"wp","href":"https:\/\/api.w.org\/{rel}","templated":true}]}}